{"id":4187,"date":"2026-02-19T09:46:50","date_gmt":"2026-02-19T07:46:50","guid":{"rendered":"https:\/\/slvalvonta.fi\/services\/domestic-water-network-balancing\/"},"modified":"2026-02-23T12:44:20","modified_gmt":"2026-02-23T10:44:20","slug":"domestic-water-network-balancing","status":"publish","type":"page","link":"https:\/\/slvalvonta.fi\/en\/services\/domestic-water-network-balancing\/","title":{"rendered":"Domestic water network balancing"},"content":{"rendered":"<p>[et_pb_section fb_built=&#8221;1&#8243; admin_label=&#8221;Hero Section&#8221; _builder_version=&#8221;4.27.5&#8243; use_background_color_gradient=&#8221;on&#8221; background_color_gradient_direction=&#8221;131deg&#8221; background_color_gradient_stops=&#8221;#5377b5 0%|rgba(52,43,28,0.45) 100%&#8221; background_color_gradient_overlays_image=&#8221;on&#8221; background_color_gradient_start=&#8221;#5377b5&#8243; background_color_gradient_end=&#8221;rgba(52,43,28,0.45)&#8221; background_image=&#8221;https:\/\/slvalvonta.fi\/wp-content\/uploads\/2026\/02\/Kayttovesiverkoston-perussaato-1.webp&#8221; custom_padding=&#8221;80px|0px||0px&#8221; animation_style=&#8221;slide&#8221; animation_direction=&#8221;top&#8221; animation_intensity_slide=&#8221;2%&#8221; animation_starting_opacity=&#8221;100%&#8221; locked=&#8221;off&#8221; global_colors_info=&#8221;{}&#8221;][et_pb_row _builder_version=&#8221;4.27.5&#8243; custom_padding=&#8221;|||&#8221; custom_width_px=&#8221;1440px&#8221; global_colors_info=&#8221;{}&#8221;][et_pb_column type=&#8221;4_4&#8243; _builder_version=&#8221;4.16&#8243; custom_padding=&#8221;|||&#8221; global_colors_info=&#8221;{}&#8221; custom_padding__hover=&#8221;|||&#8221;][et_pb_text _builder_version=&#8221;4.27.5&#8243; text_font=&#8221;||||||||&#8221; header_font=&#8221;Titillium Web||||||||&#8221; header_text_color=&#8221;#ffffff&#8221; header_font_size=&#8221;60px&#8221; header_line_height=&#8221;1.2em&#8221; header_2_font=&#8221;||||||||&#8221; header_3_font=&#8221;||||||||&#8221; header_4_font=&#8221;||||||||&#8221; header_5_font=&#8221;||||||||&#8221; header_6_font=&#8221;||||||||&#8221; custom_margin=&#8221;||20px|&#8221; header_font_size_tablet=&#8221;&#8221; header_font_size_phone=&#8221;40px&#8221; header_font_size_last_edited=&#8221;on|phone&#8221; locked=&#8221;off&#8221; global_colors_info=&#8221;{}&#8221;]<\/p>\n<h1>Domestic water<br \/>\nnetwork balancing<\/h1>\n<p>[\/et_pb_text][et_pb_divider color=&#8221;#ffffff&#8221; divider_weight=&#8221;3px&#8221; disabled_on=&#8221;off|off|off&#8221; _builder_version=&#8221;4.16&#8243; max_width=&#8221;80px&#8221; module_alignment=&#8221;left&#8221; height=&#8221;10px&#8221; custom_margin=&#8221;||20px|&#8221; animation_style=&#8221;slide&#8221; animation_direction=&#8221;bottom&#8221; saved_tabs=&#8221;all&#8221; locked=&#8221;off&#8221; global_colors_info=&#8221;{}&#8221;][\/et_pb_divider][et_pb_text _builder_version=&#8221;4.27.5&#8243; text_font=&#8221;|600|||||||&#8221; text_text_color=&#8221;#ffffff&#8221; text_font_size=&#8221;18px&#8221; header_font=&#8221;||||||||&#8221; max_width=&#8221;500px&#8221; module_alignment=&#8221;left&#8221; locked=&#8221;off&#8221; global_colors_info=&#8221;{}&#8221;]The basic balancing of the domestic water network ensures that the property&#8217;s domestic hot water is distributed evenly, safely, and energy-efficiently to all apartments.[\/et_pb_text][\/et_pb_column][\/et_pb_row][\/et_pb_section][et_pb_section fb_built=&#8221;1&#8243; specialty=&#8221;on&#8221; admin_label=&#8221;About Us&#8221; _builder_version=&#8221;4.16&#8243; global_colors_info=&#8221;{}&#8221;][et_pb_column type=&#8221;1_2&#8243; specialty_columns=&#8221;2&#8243; _builder_version=&#8221;4.16&#8243; custom_padding=&#8221;|||&#8221; global_colors_info=&#8221;{}&#8221; custom_padding__hover=&#8221;|||&#8221;][et_pb_row_inner _builder_version=&#8221;4.16&#8243; global_colors_info=&#8221;{}&#8221;][et_pb_column_inner saved_specialty_column_type=&#8221;1_2&#8243; _builder_version=&#8221;4.16&#8243; custom_padding=&#8221;|||&#8221; global_colors_info=&#8221;{}&#8221; custom_padding__hover=&#8221;|||&#8221;][et_pb_text _builder_version=&#8221;4.27.5&#8243; text_font=&#8221;||||||||&#8221; text_text_color=&#8221;rgba(0,0,0,0.6)&#8221; text_line_height=&#8221;1.9em&#8221; header_font=&#8221;||||||||&#8221; header_2_font=&#8221;||||||||&#8221; header_3_text_color=&#8221;#5377b5&#8243; header_3_font_size=&#8221;28px&#8221; header_3_line_height=&#8221;1.2em&#8221; module_alignment=&#8221;center&#8221; custom_margin=&#8221;||20px|||&#8221; global_colors_info=&#8221;{}&#8221;]<\/p>\n<h3>A properly balanced network improves living comfort<\/h3>\n<p>[\/et_pb_text][et_pb_divider color=&#8221;#c2ab92&#8243; divider_weight=&#8221;3px&#8221; disabled_on=&#8221;off|off|off&#8221; _builder_version=&#8221;4.16&#8243; max_width=&#8221;80px&#8221; module_alignment=&#8221;left&#8221; height=&#8221;10px&#8221; custom_margin=&#8221;||20px|&#8221; animation_style=&#8221;slide&#8221; animation_direction=&#8221;bottom&#8221; saved_tabs=&#8221;all&#8221; locked=&#8221;off&#8221; global_colors_info=&#8221;{}&#8221;][\/et_pb_divider][et_pb_text _builder_version=&#8221;4.27.5&#8243; text_font=&#8221;||||||||&#8221; text_text_color=&#8221;rgba(0,0,0,0.6)&#8221; text_line_height=&#8221;1.9em&#8221; header_font=&#8221;||||||||&#8221; header_2_font=&#8221;||||||||&#8221; header_3_text_color=&#8221;#5377b5&#8243; header_3_font_size=&#8221;28px&#8221; header_3_line_height=&#8221;1.2em&#8221; module_alignment=&#8221;center&#8221; custom_margin=&#8221;||13px|||&#8221; global_colors_info=&#8221;{}&#8221;]<\/p>\n<p>A properly balanced network improves living comfort, reduces water and energy consumption, and extends the lifespan of the piping.<\/p>\n<p>In basic balancing, the flow rates, pressures, and temperatures of the domestic water system are balanced to match the design values. This ensures that there is no unnecessary waiting for hot water, the water pressure is suitable, and the network operates without disruption. <\/p>\n<p>A well-functioning domestic water network also prevents technical problems and health risks. For example, a temperature that is too low can increase the risk of bacteria, while a flow rate that is too high increases the risk of leaks and equipment damage. <\/p>\n<p>[\/et_pb_text][et_pb_text _builder_version=&#8221;4.16&#8243; text_font=&#8221;||||||||&#8221; text_text_color=&#8221;rgba(0,0,0,0.6)&#8221; text_line_height=&#8221;1.9em&#8221; header_font=&#8221;||||||||&#8221; header_2_font=&#8221;||||||||&#8221; header_3_text_color=&#8221;#5377b5&#8243; header_3_font_size=&#8221;28px&#8221; header_3_line_height=&#8221;1.2em&#8221; module_alignment=&#8221;center&#8221; custom_margin=&#8221;|||&#8221; global_colors_info=&#8221;{}&#8221;]The implementation of the balancing depends on the specific characteristics of the property. The scope of the network, pipe sizing, and the type of radiator network all influence how the balancing is carried out and which components are selected.[\/et_pb_text][\/et_pb_column_inner][\/et_pb_row_inner][\/et_pb_column][et_pb_column type=&#8221;1_2&#8243; _builder_version=&#8221;4.16&#8243; custom_padding=&#8221;|||&#8221; global_colors_info=&#8221;{}&#8221; custom_padding__hover=&#8221;|||&#8221;][et_pb_image src=&#8221;https:\/\/slvalvonta.fi\/wp-content\/uploads\/2026\/02\/Kayttovesiverkoston-perussaato-2.webp&#8221; force_fullwidth=&#8221;on&#8221; disabled_on=&#8221;off|off|off&#8221; _builder_version=&#8221;4.27.5&#8243; custom_margin=&#8221;-50%|||&#8221; custom_margin_tablet=&#8221;0px|||&#8221; custom_margin_phone=&#8221;&#8221; custom_margin_last_edited=&#8221;on|phone&#8221; animation_style=&#8221;slide&#8221; animation_direction=&#8221;top&#8221; animation_duration=&#8221;1500ms&#8221; animation_intensity_slide=&#8221;6%&#8221; animation_starting_opacity=&#8221;100%&#8221; box_shadow_style=&#8221;preset1&#8243; box_shadow_vertical=&#8221;10px&#8221; box_shadow_blur=&#8221;100px&#8221; box_shadow_color=&#8221;rgba(0,0,0,0.2)&#8221; always_center_on_mobile=&#8221;off&#8221; locked=&#8221;off&#8221; global_colors_info=&#8221;{}&#8221;][\/et_pb_image][\/et_pb_column][\/et_pb_section][et_pb_section fb_built=&#8221;1&#8243; custom_padding_last_edited=&#8221;on|phone&#8221; admin_label=&#8221;Stats&#8221; _builder_version=&#8221;4.16&#8243; custom_padding=&#8221;60px|0px|120px|0px&#8221; custom_padding_tablet=&#8221;&#8221; custom_padding_phone=&#8221;0px|0px|120px|0px|false|false&#8221; global_colors_info=&#8221;{}&#8221;][et_pb_row column_structure=&#8221;1_2,1_2&#8243; _builder_version=&#8221;4.16&#8243; width=&#8221;70%&#8221; max_width=&#8221;70%&#8221; module_alignment=&#8221;center&#8221; custom_margin=&#8221;|||&#8221; custom_padding=&#8221;0px||0px|&#8221; use_custom_width=&#8221;on&#8221; width_unit=&#8221;off&#8221; custom_width_percent=&#8221;70%&#8221; global_colors_info=&#8221;{}&#8221;][et_pb_column type=&#8221;1_2&#8243; disabled_on=&#8221;on|on|off&#8221; _builder_version=&#8221;4.16&#8243; use_background_color_gradient=&#8221;on&#8221; background_color_gradient_direction=&#8221;0deg&#8221; background_color_gradient_stops=&#8221;#ffffff 50%|#5377b5 50%&#8221; background_color_gradient_start=&#8221;#ffffff&#8221; background_color_gradient_start_position=&#8221;50%&#8221; background_color_gradient_end=&#8221;#5377b5&#8243; background_color_gradient_end_position=&#8221;50%&#8221; custom_padding=&#8221;5%|5%||5%&#8221; global_colors_info=&#8221;{}&#8221; custom_padding__hover=&#8221;|||&#8221;][et_pb_image src=&#8221;https:\/\/slvalvonta.fi\/wp-content\/uploads\/2026\/02\/Kayttovesiverkoston-perussaato-3.webp&#8221; force_fullwidth=&#8221;on&#8221; _builder_version=&#8221;4.27.5&#8243; custom_margin=&#8221;|||&#8221; custom_margin_tablet=&#8221;||0px|&#8221; custom_margin_phone=&#8221;&#8221; custom_margin_last_edited=&#8221;on|phone&#8221; custom_padding=&#8221;|||&#8221; animation_style=&#8221;slide&#8221; animation_direction=&#8221;bottom&#8221; animation_intensity_slide=&#8221;6%&#8221; animation_starting_opacity=&#8221;100%&#8221; box_shadow_style=&#8221;preset1&#8243; box_shadow_vertical=&#8221;10px&#8221; box_shadow_blur=&#8221;100px&#8221; box_shadow_color=&#8221;rgba(0,0,0,0.2)&#8221; always_center_on_mobile=&#8221;off&#8221; global_colors_info=&#8221;{}&#8221;][\/et_pb_image][\/et_pb_column][et_pb_column type=&#8221;1_2&#8243; _builder_version=&#8221;4.16&#8243; custom_padding=&#8221;40px|40px|40px|40px&#8221; custom_padding_tablet=&#8221;0px|0px|0px|0px|false|false&#8221; custom_padding_phone=&#8221;&#8221; custom_padding_last_edited=&#8221;on|tablet&#8221; global_colors_info=&#8221;{}&#8221; custom_padding__hover=&#8221;|||&#8221;][et_pb_text _builder_version=&#8221;4.27.5&#8243; text_font=&#8221;||||||||&#8221; text_text_color=&#8221;rgba(0,0,0,0.6)&#8221; text_line_height=&#8221;1.9em&#8221; header_font=&#8221;||||||||&#8221; header_2_font=&#8221;||||||||&#8221; header_3_text_color=&#8221;#5377b5&#8243; header_3_font_size=&#8221;28px&#8221; header_3_line_height=&#8221;1.2em&#8221; module_alignment=&#8221;center&#8221; custom_margin=&#8221;||20px|||&#8221; global_colors_info=&#8221;{}&#8221;]<\/p>\n<h3>When is the basic balancing of the domestic water network necessary?<\/h3>\n<p>[\/et_pb_text][et_pb_divider color=&#8221;#c2ab92&#8243; divider_weight=&#8221;3px&#8221; disabled_on=&#8221;off|off|off&#8221; _builder_version=&#8221;4.16&#8243; max_width=&#8221;80px&#8221; module_alignment=&#8221;left&#8221; height=&#8221;10px&#8221; custom_margin=&#8221;||20px|&#8221; animation_style=&#8221;slide&#8221; animation_direction=&#8221;bottom&#8221; saved_tabs=&#8221;all&#8221; locked=&#8221;off&#8221; global_colors_info=&#8221;{}&#8221;][\/et_pb_divider][et_pb_text _builder_version=&#8221;4.27.5&#8243; text_font=&#8221;||||||||&#8221; text_text_color=&#8221;rgba(0,0,0,0.6)&#8221; text_line_height=&#8221;1.9em&#8221; header_font=&#8221;||||||||&#8221; header_2_font=&#8221;||||||||&#8221; header_3_text_color=&#8221;#5377b5&#8243; header_3_font_size=&#8221;28px&#8221; header_3_line_height=&#8221;1.2em&#8221; module_alignment=&#8221;center&#8221; custom_margin=&#8221;||20px|||&#8221; global_colors_info=&#8221;{}&#8221;]<\/p>\n<p>Basic balancing is especially recommended when the property experiences:<\/p>\n<ul>\n<li>Long waiting times for hot water<\/li>\n<li>Domestic hot water radiators that are not working<\/li>\n<li>High water or energy consumption<\/li>\n<li>Following renovations or equipment replacements<\/li>\n<\/ul>\n<p>[\/et_pb_text][et_pb_text _builder_version=&#8221;4.27.5&#8243; text_font=&#8221;||||||||&#8221; text_text_color=&#8221;rgba(0,0,0,0.6)&#8221; text_line_height=&#8221;1.9em&#8221; header_font=&#8221;||||||||&#8221; header_2_font=&#8221;||||||||&#8221; header_3_text_color=&#8221;#5377b5&#8243; header_3_font_size=&#8221;28px&#8221; header_3_line_height=&#8221;1.2em&#8221; module_alignment=&#8221;center&#8221; custom_margin=&#8221;||20px||false|false&#8221; global_colors_info=&#8221;{}&#8221;]<\/p>\n<p>An unbalanced network can cause flow rates that are too high near the heat source and too low further away, which increases water consumption and reduces user comfort.<\/p>\n<p><strong>Benefits of basic balancing:<\/strong><\/p>\n<ul>\n<li>Shorter waiting times for hot water<\/li>\n<li>Lower water and energy consumption<\/li>\n<li>Longer lifespan for pipes and water fixtures<\/li>\n<li>Improved living comfort<\/li>\n<\/ul>\n<p>[\/et_pb_text][et_pb_text _builder_version=&#8221;4.27.5&#8243; text_font=&#8221;||||||||&#8221; text_text_color=&#8221;rgba(0,0,0,0.6)&#8221; text_line_height=&#8221;1.9em&#8221; header_font=&#8221;||||||||&#8221; header_2_font=&#8221;||||||||&#8221; header_3_text_color=&#8221;#5377b5&#8243; header_3_font_size=&#8221;28px&#8221; header_3_line_height=&#8221;1.2em&#8221; module_alignment=&#8221;center&#8221; custom_margin=&#8221;|||&#8221; global_colors_info=&#8221;{}&#8221;]A properly balanced network protects the condition of the piping and ensures the network functions correctly.[\/et_pb_text][\/et_pb_column][\/et_pb_row][\/et_pb_section]<\/p>\n","protected":false},"excerpt":{"rendered":"<p>Domestic water network balancingThe basic balancing of the domestic water network ensures that the property&#8217;s domestic hot water is distributed evenly, safely, and energy-efficiently to all apartments.A properly balanced network improves living comfortA properly balanced network improves living comfort, reduces water and energy consumption, and extends the lifespan of the piping. In basic balancing, the [&hellip;]<\/p>\n","protected":false},"author":1,"featured_media":0,"parent":516,"menu_order":0,"comment_status":"closed","ping_status":"closed","template":"","meta":{"_et_pb_use_builder":"on","_et_pb_old_content":"","_et_gb_content_width":"","footnotes":""},"class_list":["post-4187","page","type-page","status-publish","hentry"],"yoast_head":"<!-- This site is optimized with the Yoast SEO plugin v27.0 - https:\/\/yoast.com\/product\/yoast-seo-wordpress\/ -->\n<title>Domestic water network balancing - SL Valvonta Oy<\/title>\n<meta name=\"description\" content=\"K\u00e4ytt\u00f6vesiverkoston peruss\u00e4\u00e4t\u00f6 takaa tasaisen l\u00e4mpim\u00e4n veden, pienemm\u00e4t kustannukset ja paremman asumismukavuuden taloyhti\u00f6iss\u00e4.\" \/>\n<meta name=\"robots\" content=\"index, follow, max-snippet:-1, max-image-preview:large, max-video-preview:-1\" \/>\n<link rel=\"canonical\" href=\"https:\/\/slvalvonta.fi\/en\/services\/domestic-water-network-balancing\/\" \/>\n<meta property=\"og:locale\" content=\"en_US\" \/>\n<meta property=\"og:type\" content=\"article\" \/>\n<meta property=\"og:title\" content=\"Domestic water network balancing - SL Valvonta Oy\" \/>\n<meta property=\"og:description\" content=\"K\u00e4ytt\u00f6vesiverkoston peruss\u00e4\u00e4t\u00f6 takaa tasaisen l\u00e4mpim\u00e4n veden, pienemm\u00e4t kustannukset ja paremman asumismukavuuden taloyhti\u00f6iss\u00e4.\" \/>\n<meta property=\"og:url\" content=\"https:\/\/slvalvonta.fi\/en\/services\/domestic-water-network-balancing\/\" \/>\n<meta property=\"og:site_name\" content=\"SL Valvonta Oy\" \/>\n<meta property=\"article:modified_time\" content=\"2026-02-23T10:44:20+00:00\" \/>\n<meta name=\"twitter:card\" content=\"summary_large_image\" \/>\n<meta name=\"twitter:label1\" content=\"Est. reading time\" \/>\n\t<meta name=\"twitter:data1\" content=\"7 minutes\" \/>\n<script type=\"application\/ld+json\" class=\"yoast-schema-graph\">{\"@context\":\"https:\/\/schema.org\",\"@graph\":[{\"@type\":\"WebPage\",\"@id\":\"https:\/\/slvalvonta.fi\/en\/services\/domestic-water-network-balancing\/\",\"url\":\"https:\/\/slvalvonta.fi\/en\/services\/domestic-water-network-balancing\/\",\"name\":\"Domestic water network balancing - SL Valvonta Oy\",\"isPartOf\":{\"@id\":\"https:\/\/slvalvonta.fi\/en\/#website\"},\"datePublished\":\"2026-02-19T07:46:50+00:00\",\"dateModified\":\"2026-02-23T10:44:20+00:00\",\"description\":\"K\u00e4ytt\u00f6vesiverkoston peruss\u00e4\u00e4t\u00f6 takaa tasaisen l\u00e4mpim\u00e4n veden, pienemm\u00e4t kustannukset ja paremman asumismukavuuden taloyhti\u00f6iss\u00e4.\",\"breadcrumb\":{\"@id\":\"https:\/\/slvalvonta.fi\/en\/services\/domestic-water-network-balancing\/#breadcrumb\"},\"inLanguage\":\"en-US\",\"potentialAction\":[{\"@type\":\"ReadAction\",\"target\":[\"https:\/\/slvalvonta.fi\/en\/services\/domestic-water-network-balancing\/\"]}]},{\"@type\":\"BreadcrumbList\",\"@id\":\"https:\/\/slvalvonta.fi\/en\/services\/domestic-water-network-balancing\/#breadcrumb\",\"itemListElement\":[{\"@type\":\"ListItem\",\"position\":1,\"name\":\"Home\",\"item\":\"https:\/\/slvalvonta.fi\/en\/\"},{\"@type\":\"ListItem\",\"position\":2,\"name\":\"Services\",\"item\":\"https:\/\/slvalvonta.fi\/en\/services\/\"},{\"@type\":\"ListItem\",\"position\":3,\"name\":\"Domestic water network balancing\"}]},{\"@type\":\"WebSite\",\"@id\":\"https:\/\/slvalvonta.fi\/en\/#website\",\"url\":\"https:\/\/slvalvonta.fi\/en\/\",\"name\":\"SL Valvonta Oy\",\"description\":\"LVI-alan konsultointia\",\"publisher\":{\"@id\":\"https:\/\/slvalvonta.fi\/en\/#organization\"},\"potentialAction\":[{\"@type\":\"SearchAction\",\"target\":{\"@type\":\"EntryPoint\",\"urlTemplate\":\"https:\/\/slvalvonta.fi\/en\/?s={search_term_string}\"},\"query-input\":{\"@type\":\"PropertyValueSpecification\",\"valueRequired\":true,\"valueName\":\"search_term_string\"}}],\"inLanguage\":\"en-US\"},{\"@type\":\"Organization\",\"@id\":\"https:\/\/slvalvonta.fi\/en\/#organization\",\"name\":\"SL Valvonta Oy\",\"url\":\"https:\/\/slvalvonta.fi\/en\/\",\"logo\":{\"@type\":\"ImageObject\",\"inLanguage\":\"en-US\",\"@id\":\"https:\/\/slvalvonta.fi\/en\/#\/schema\/logo\/image\/\",\"url\":\"https:\/\/slvalvonta.fi\/wp-content\/uploads\/2020\/03\/logo.png\",\"contentUrl\":\"https:\/\/slvalvonta.fi\/wp-content\/uploads\/2020\/03\/logo.png\",\"width\":992,\"height\":260,\"caption\":\"SL Valvonta Oy\"},\"image\":{\"@id\":\"https:\/\/slvalvonta.fi\/en\/#\/schema\/logo\/image\/\"}}]}<\/script>\n<!-- \/ Yoast SEO plugin. -->","yoast_head_json":{"title":"Domestic water network balancing - SL Valvonta Oy","description":"K\u00e4ytt\u00f6vesiverkoston peruss\u00e4\u00e4t\u00f6 takaa tasaisen l\u00e4mpim\u00e4n veden, pienemm\u00e4t kustannukset ja paremman asumismukavuuden taloyhti\u00f6iss\u00e4.","robots":{"index":"index","follow":"follow","max-snippet":"max-snippet:-1","max-image-preview":"max-image-preview:large","max-video-preview":"max-video-preview:-1"},"canonical":"https:\/\/slvalvonta.fi\/en\/services\/domestic-water-network-balancing\/","og_locale":"en_US","og_type":"article","og_title":"Domestic water network balancing - SL Valvonta Oy","og_description":"K\u00e4ytt\u00f6vesiverkoston peruss\u00e4\u00e4t\u00f6 takaa tasaisen l\u00e4mpim\u00e4n veden, pienemm\u00e4t kustannukset ja paremman asumismukavuuden taloyhti\u00f6iss\u00e4.","og_url":"https:\/\/slvalvonta.fi\/en\/services\/domestic-water-network-balancing\/","og_site_name":"SL Valvonta Oy","article_modified_time":"2026-02-23T10:44:20+00:00","twitter_card":"summary_large_image","twitter_misc":{"Est. reading time":"7 minutes"},"schema":{"@context":"https:\/\/schema.org","@graph":[{"@type":"WebPage","@id":"https:\/\/slvalvonta.fi\/en\/services\/domestic-water-network-balancing\/","url":"https:\/\/slvalvonta.fi\/en\/services\/domestic-water-network-balancing\/","name":"Domestic water network balancing - SL Valvonta Oy","isPartOf":{"@id":"https:\/\/slvalvonta.fi\/en\/#website"},"datePublished":"2026-02-19T07:46:50+00:00","dateModified":"2026-02-23T10:44:20+00:00","description":"K\u00e4ytt\u00f6vesiverkoston peruss\u00e4\u00e4t\u00f6 takaa tasaisen l\u00e4mpim\u00e4n veden, pienemm\u00e4t kustannukset ja paremman asumismukavuuden taloyhti\u00f6iss\u00e4.","breadcrumb":{"@id":"https:\/\/slvalvonta.fi\/en\/services\/domestic-water-network-balancing\/#breadcrumb"},"inLanguage":"en-US","potentialAction":[{"@type":"ReadAction","target":["https:\/\/slvalvonta.fi\/en\/services\/domestic-water-network-balancing\/"]}]},{"@type":"BreadcrumbList","@id":"https:\/\/slvalvonta.fi\/en\/services\/domestic-water-network-balancing\/#breadcrumb","itemListElement":[{"@type":"ListItem","position":1,"name":"Home","item":"https:\/\/slvalvonta.fi\/en\/"},{"@type":"ListItem","position":2,"name":"Services","item":"https:\/\/slvalvonta.fi\/en\/services\/"},{"@type":"ListItem","position":3,"name":"Domestic water network balancing"}]},{"@type":"WebSite","@id":"https:\/\/slvalvonta.fi\/en\/#website","url":"https:\/\/slvalvonta.fi\/en\/","name":"SL Valvonta Oy","description":"LVI-alan konsultointia","publisher":{"@id":"https:\/\/slvalvonta.fi\/en\/#organization"},"potentialAction":[{"@type":"SearchAction","target":{"@type":"EntryPoint","urlTemplate":"https:\/\/slvalvonta.fi\/en\/?s={search_term_string}"},"query-input":{"@type":"PropertyValueSpecification","valueRequired":true,"valueName":"search_term_string"}}],"inLanguage":"en-US"},{"@type":"Organization","@id":"https:\/\/slvalvonta.fi\/en\/#organization","name":"SL Valvonta Oy","url":"https:\/\/slvalvonta.fi\/en\/","logo":{"@type":"ImageObject","inLanguage":"en-US","@id":"https:\/\/slvalvonta.fi\/en\/#\/schema\/logo\/image\/","url":"https:\/\/slvalvonta.fi\/wp-content\/uploads\/2020\/03\/logo.png","contentUrl":"https:\/\/slvalvonta.fi\/wp-content\/uploads\/2020\/03\/logo.png","width":992,"height":260,"caption":"SL Valvonta Oy"},"image":{"@id":"https:\/\/slvalvonta.fi\/en\/#\/schema\/logo\/image\/"}}]}},"_links":{"self":[{"href":"https:\/\/slvalvonta.fi\/en\/wp-json\/wp\/v2\/pages\/4187","targetHints":{"allow":["GET"]}}],"collection":[{"href":"https:\/\/slvalvonta.fi\/en\/wp-json\/wp\/v2\/pages"}],"about":[{"href":"https:\/\/slvalvonta.fi\/en\/wp-json\/wp\/v2\/types\/page"}],"author":[{"embeddable":true,"href":"https:\/\/slvalvonta.fi\/en\/wp-json\/wp\/v2\/users\/1"}],"replies":[{"embeddable":true,"href":"https:\/\/slvalvonta.fi\/en\/wp-json\/wp\/v2\/comments?post=4187"}],"version-history":[{"count":2,"href":"https:\/\/slvalvonta.fi\/en\/wp-json\/wp\/v2\/pages\/4187\/revisions"}],"predecessor-version":[{"id":4189,"href":"https:\/\/slvalvonta.fi\/en\/wp-json\/wp\/v2\/pages\/4187\/revisions\/4189"}],"up":[{"embeddable":true,"href":"https:\/\/slvalvonta.fi\/en\/wp-json\/wp\/v2\/pages\/516"}],"wp:attachment":[{"href":"https:\/\/slvalvonta.fi\/en\/wp-json\/wp\/v2\/media?parent=4187"}],"curies":[{"name":"wp","href":"https:\/\/api.w.org\/{rel}","templated":true}]}}