{"id":4194,"date":"2026-02-19T10:02:35","date_gmt":"2026-02-19T08:02:35","guid":{"rendered":"https:\/\/slvalvonta.fi\/references\/"},"modified":"2026-02-26T15:06:42","modified_gmt":"2026-02-26T13:06:42","slug":"references","status":"publish","type":"page","link":"https:\/\/slvalvonta.fi\/en\/references\/","title":{"rendered":"References"},"content":{"rendered":"<p>[et_pb_section fb_built=&#8221;1&#8243; admin_label=&#8221;Hero Section&#8221; _builder_version=&#8221;4.27.5&#8243; use_background_color_gradient=&#8221;on&#8221; background_color_gradient_direction=&#8221;131deg&#8221; background_color_gradient_stops=&#8221;#5377b5 0%|rgba(52,43,28,0.45) 100%&#8221; background_color_gradient_overlays_image=&#8221;on&#8221; background_color_gradient_start=&#8221;#5377b5&#8243; background_color_gradient_end=&#8221;rgba(52,43,28,0.45)&#8221; background_image=&#8221;https:\/\/slvalvonta.fi\/wp-content\/uploads\/2020\/03\/slvalvonta-2.jpg&#8221; custom_padding=&#8221;80px|0px|125px|0px||&#8221; animation_style=&#8221;slide&#8221; animation_direction=&#8221;top&#8221; animation_intensity_slide=&#8221;2%&#8221; animation_starting_opacity=&#8221;100%&#8221; locked=&#8221;off&#8221; global_colors_info=&#8221;{}&#8221;][et_pb_row column_structure=&#8221;1_2,1_2&#8243; _builder_version=&#8221;4.16&#8243; custom_padding=&#8221;||7px|||&#8221; custom_width_px=&#8221;1440px&#8221; global_colors_info=&#8221;{}&#8221;][et_pb_column type=&#8221;1_2&#8243; _builder_version=&#8221;4.16&#8243; custom_padding=&#8221;|||&#8221; global_colors_info=&#8221;{}&#8221; custom_padding__hover=&#8221;|||&#8221;][et_pb_text _builder_version=&#8221;4.27.5&#8243; text_font=&#8221;||||||||&#8221; header_font=&#8221;Titillium Web||||||||&#8221; header_text_color=&#8221;#ffffff&#8221; header_font_size=&#8221;60px&#8221; header_line_height=&#8221;1.2em&#8221; header_2_font=&#8221;||||||||&#8221; header_3_font=&#8221;||||||||&#8221; header_4_font=&#8221;||||||||&#8221; header_5_font=&#8221;||||||||&#8221; header_6_font=&#8221;||||||||&#8221; custom_margin=&#8221;||20px|&#8221; header_font_size_tablet=&#8221;&#8221; header_font_size_phone=&#8221;40px&#8221; header_font_size_last_edited=&#8221;on|phone&#8221; locked=&#8221;off&#8221; global_colors_info=&#8221;{}&#8221;]<\/p>\n<h1>References<\/h1>\n<p>[\/et_pb_text][et_pb_divider color=&#8221;#ffffff&#8221; divider_weight=&#8221;3px&#8221; disabled_on=&#8221;off|off|off&#8221; _builder_version=&#8221;4.16&#8243; max_width=&#8221;80px&#8221; module_alignment=&#8221;left&#8221; height=&#8221;10px&#8221; custom_margin=&#8221;||20px|&#8221; animation_style=&#8221;slide&#8221; animation_direction=&#8221;bottom&#8221; saved_tabs=&#8221;all&#8221; locked=&#8221;off&#8221; global_colors_info=&#8221;{}&#8221;][\/et_pb_divider][\/et_pb_column][et_pb_column type=&#8221;1_2&#8243; _builder_version=&#8221;4.16&#8243; custom_padding=&#8221;|||&#8221; global_colors_info=&#8221;{}&#8221; custom_padding__hover=&#8221;|||&#8221;][\/et_pb_column][\/et_pb_row][\/et_pb_section][et_pb_section fb_built=&#8221;1&#8243; custom_padding_last_edited=&#8221;on|phone&#8221; disabled_on=&#8221;off|off|off&#8221; _builder_version=&#8221;4.27.5&#8243; custom_padding_tablet=&#8221;&#8221; custom_padding_phone=&#8221;0px|0px|0px|0px|true|true&#8221; global_colors_info=&#8221;{}&#8221;][et_pb_row _builder_version=&#8221;4.27.5&#8243; width_tablet=&#8221;&#8221; width_phone=&#8221;100%&#8221; width_last_edited=&#8221;on|phone&#8221; custom_margin=&#8221;-180px||||false|false&#8221; custom_margin_tablet=&#8221;&#8221; custom_margin_phone=&#8221;0px||||false|false&#8221; custom_margin_last_edited=&#8221;on|phone&#8221; custom_padding=&#8221;0px|0px|0px|0px|true|true&#8221; global_colors_info=&#8221;{}&#8221;][et_pb_column type=&#8221;4_4&#8243; _builder_version=&#8221;4.27.5&#8243; background_color=&#8221;#ffffff&#8221; custom_padding=&#8221;20px|20px|20px|20px|true|true&#8221; box_shadow_style=&#8221;preset1&#8243; box_shadow_vertical=&#8221;10px&#8221; box_shadow_blur=&#8221;100px&#8221; global_colors_info=&#8221;{}&#8221;][et_pb_code _builder_version=&#8221;4.27.5&#8243; global_colors_info=&#8221;{}&#8221;]        <div class=\"refmap-wrapper\">\n            <div class=\"refmap-toolbar\">\n                \n                <div class=\"refmap-search-box\">\n                    <input type=\"text\" id=\"refmap-search-input\" placeholder=\"Hae osoitteella, nimell\u00e4 tai kaupungilla...\">\n                    <div id=\"refmap-counter\">Ladataan...<\/div>\n                <\/div>\n\n                <div class=\"refmap-filter-container\">\n                    <button id=\"refmap-filter-toggle-btn\" type=\"button\">\n                        <svg width=\"20\" height=\"20\" viewBox=\"0 0 24 24\" fill=\"none\" stroke=\"currentColor\" stroke-width=\"2\" stroke-linecap=\"round\" stroke-linejoin=\"round\">\n                            <line x1=\"4\" y1=\"21\" x2=\"4\" y2=\"14\"><\/line><line x1=\"4\" y1=\"10\" x2=\"4\" y2=\"3\"><\/line>\n                            <line x1=\"12\" y1=\"21\" x2=\"12\" y2=\"12\"><\/line><line x1=\"12\" y1=\"8\" x2=\"12\" y2=\"3\"><\/line>\n                            <line x1=\"20\" y1=\"21\" x2=\"20\" y2=\"16\"><\/line><line x1=\"20\" y1=\"12\" x2=\"20\" y2=\"3\"><\/line>\n                            <line x1=\"1\" y1=\"14\" x2=\"7\" y2=\"14\"><\/line><line x1=\"9\" y1=\"8\" x2=\"15\" y2=\"8\"><\/line>\n                            <line x1=\"17\" y1=\"16\" x2=\"23\" y2=\"16\"><\/line>\n                        <\/svg>\n                        Suodata kategorioita \u25bc\n                    <\/button>\n\n                    <div id=\"refmap-filter-dropdown\" class=\"refmap-dropdown-menu\">\n                        <div class=\"refmap-checkbox-list\">\n                            <label class=\"refmap-checkbox-item\">\n                                <input type=\"checkbox\" value=\"all\" checked class=\"refmap-filter-all\"> \n                                <strong>N\u00e4yt\u00e4 kaikki<\/strong>\n                            <\/label>\n                            \n                            <hr style=\"margin: 5px 0; border: 0; border-top: 1px solid #eee; width: 100%;\">\n\n                                                                                                <label class=\"refmap-checkbox-item\">\n                                        <input type=\"checkbox\" value=\"hybridijarjestelmat\" checked class=\"refmap-filter-item\"> \n                                        <span>Hybridij\u00e4rjestelm\u00e4t<\/span>\n                                    <\/label>\n                                                                    <label class=\"refmap-checkbox-item\">\n                                        <input type=\"checkbox\" value=\"kaukolampolaitteet\" checked class=\"refmap-filter-item\"> \n                                        <span>Kaukol\u00e4mp\u00f6laitteet<\/span>\n                                    <\/label>\n                                                                    <label class=\"refmap-checkbox-item\">\n                                        <input type=\"checkbox\" value=\"kayttovesiverkoston-perussaato\" checked class=\"refmap-filter-item\"> \n                                        <span>K\u00e4ytt\u00f6vesiverkoston peruss\u00e4\u00e4t\u00f6<\/span>\n                                    <\/label>\n                                                                    <label class=\"refmap-checkbox-item\">\n                                        <input type=\"checkbox\" value=\"patteriverkoston-perussaato\" checked class=\"refmap-filter-item\"> \n                                        <span>Patteriverkoston peruss\u00e4\u00e4t\u00f6<\/span>\n                                    <\/label>\n                                                                    <label class=\"refmap-checkbox-item\">\n                                        <input type=\"checkbox\" value=\"ulkopuoliset-putkistot\" checked class=\"refmap-filter-item\"> \n                                        <span>Ulkopuoliset putkistot<\/span>\n                                    <\/label>\n                                                                                    <\/div>\n                    <\/div>\n                <\/div>\n            <\/div>\n\n            <div style=\"position: relative;\">\n                <div id=\"refmap-container\"><\/div>\n                \n                <button id=\"refmap-locate-btn\" title=\"Paikanna minut\">\n                    <svg width=\"20\" height=\"20\" viewBox=\"0 0 24 24\" fill=\"none\" stroke=\"currentColor\" stroke-width=\"2\" stroke-linecap=\"round\" stroke-linejoin=\"round\">\n                        <polygon points=\"3 11 22 2 13 21 11 13 3 11\"><\/polygon>\n                    <\/svg>\n                <\/button>\n            <\/div>\n        <\/div>\n        [\/et_pb_code][\/et_pb_column][\/et_pb_row][\/et_pb_section]<\/p>\n","protected":false},"excerpt":{"rendered":"<p>References        <div class=\"refmap-wrapper\">\n            <div class=\"refmap-toolbar\">\n                \n                <div class=\"refmap-search-box\">\n                    <input type=\"text\" id=\"refmap-search-input\" placeholder=\"Hae osoitteella, nimell\u00e4 tai kaupungilla...\">\n                    <div id=\"refmap-counter\">Ladataan...<\/div>\n                <\/div>\n\n                <div class=\"refmap-filter-container\">\n                    <button id=\"refmap-filter-toggle-btn\" type=\"button\">\n                        <svg width=\"20\" height=\"20\" viewBox=\"0 0 24 24\" fill=\"none\" stroke=\"currentColor\" stroke-width=\"2\" stroke-linecap=\"round\" stroke-linejoin=\"round\">\n                            <line x1=\"4\" y1=\"21\" x2=\"4\" y2=\"14\"><\/line><line x1=\"4\" y1=\"10\" x2=\"4\" y2=\"3\"><\/line>\n                            <line x1=\"12\" y1=\"21\" x2=\"12\" y2=\"12\"><\/line><line x1=\"12\" y1=\"8\" x2=\"12\" y2=\"3\"><\/line>\n                            <line x1=\"20\" y1=\"21\" x2=\"20\" y2=\"16\"><\/line><line x1=\"20\" y1=\"12\" x2=\"20\" y2=\"3\"><\/line>\n                            <line x1=\"1\" y1=\"14\" x2=\"7\" y2=\"14\"><\/line><line x1=\"9\" y1=\"8\" x2=\"15\" y2=\"8\"><\/line>\n                            <line x1=\"17\" y1=\"16\" x2=\"23\" y2=\"16\"><\/line>\n                        <\/svg>\n                        Suodata kategorioita \u25bc\n                    <\/button>\n\n                    <div id=\"refmap-filter-dropdown\" class=\"refmap-dropdown-menu\">\n                        <div class=\"refmap-checkbox-list\">\n                            <label class=\"refmap-checkbox-item\">\n                                <input type=\"checkbox\" value=\"all\" checked class=\"refmap-filter-all\"> \n                                <strong>N\u00e4yt\u00e4 kaikki<\/strong>\n                            <\/label>\n                            \n                            <hr style=\"margin: 5px 0; border: 0; border-top: 1px solid #eee; width: 100%;\">\n\n                                                                                                <label class=\"refmap-checkbox-item\">\n                                        <input type=\"checkbox\" value=\"hybridijarjestelmat\" checked class=\"refmap-filter-item\"> \n                                        <span>Hybridij\u00e4rjestelm\u00e4t<\/span>\n                                    <\/label>\n                                                                    <label class=\"refmap-checkbox-item\">\n                                        <input type=\"checkbox\" value=\"kaukolampolaitteet\" checked class=\"refmap-filter-item\"> \n                                        <span>Kaukol\u00e4mp\u00f6laitteet<\/span>\n                                    <\/label>\n                                                                    <label class=\"refmap-checkbox-item\">\n                                        <input type=\"checkbox\" value=\"kayttovesiverkoston-perussaato\" checked class=\"refmap-filter-item\"> \n                                        <span>K\u00e4ytt\u00f6vesiverkoston peruss\u00e4\u00e4t\u00f6<\/span>\n                                    <\/label>\n                                                                    <label class=\"refmap-checkbox-item\">\n                                        <input type=\"checkbox\" value=\"patteriverkoston-perussaato\" checked class=\"refmap-filter-item\"> \n                                        <span>Patteriverkoston peruss\u00e4\u00e4t\u00f6<\/span>\n                                    <\/label>\n                                                                    <label class=\"refmap-checkbox-item\">\n                                        <input type=\"checkbox\" value=\"ulkopuoliset-putkistot\" checked class=\"refmap-filter-item\"> \n                                        <span>Ulkopuoliset putkistot<\/span>\n                                    <\/label>\n                                                                                    <\/div>\n                    <\/div>\n                <\/div>\n            <\/div>\n\n            <div style=\"position: relative;\">\n                <div id=\"refmap-container\"><\/div>\n                \n                <button id=\"refmap-locate-btn\" title=\"Paikanna minut\">\n                    <svg width=\"20\" height=\"20\" viewBox=\"0 0 24 24\" fill=\"none\" stroke=\"currentColor\" stroke-width=\"2\" stroke-linecap=\"round\" stroke-linejoin=\"round\">\n                        <polygon points=\"3 11 22 2 13 21 11 13 3 11\"><\/polygon>\n                    <\/svg>\n                <\/button>\n            <\/div>\n        <\/div>\n        <\/p>\n","protected":false},"author":1,"featured_media":0,"parent":0,"menu_order":0,"comment_status":"closed","ping_status":"closed","template":"","meta":{"_et_pb_use_builder":"on","_et_pb_old_content":"","_et_gb_content_width":"","footnotes":""},"class_list":["post-4194","page","type-page","status-publish","hentry"],"yoast_head":"<!-- This site is optimized with the Yoast SEO plugin v27.0 - https:\/\/yoast.com\/product\/yoast-seo-wordpress\/ -->\n<title>References - SL Valvonta Oy<\/title>\n<meta name=\"robots\" content=\"index, follow, max-snippet:-1, max-image-preview:large, max-video-preview:-1\" \/>\n<link rel=\"canonical\" href=\"https:\/\/slvalvonta.fi\/en\/references\/\" \/>\n<meta property=\"og:locale\" content=\"en_US\" \/>\n<meta property=\"og:type\" content=\"article\" \/>\n<meta property=\"og:title\" content=\"References - SL Valvonta Oy\" \/>\n<meta property=\"og:description\" content=\"References\" \/>\n<meta property=\"og:url\" content=\"https:\/\/slvalvonta.fi\/en\/references\/\" \/>\n<meta property=\"og:site_name\" content=\"SL Valvonta Oy\" \/>\n<meta property=\"article:modified_time\" content=\"2026-02-26T13:06:42+00:00\" \/>\n<meta name=\"twitter:card\" content=\"summary_large_image\" \/>\n<meta name=\"twitter:label1\" content=\"Est. reading time\" \/>\n\t<meta name=\"twitter:data1\" content=\"2 minutes\" \/>\n<script type=\"application\/ld+json\" class=\"yoast-schema-graph\">{\"@context\":\"https:\/\/schema.org\",\"@graph\":[{\"@type\":\"WebPage\",\"@id\":\"https:\/\/slvalvonta.fi\/en\/references\/\",\"url\":\"https:\/\/slvalvonta.fi\/en\/references\/\",\"name\":\"References - SL Valvonta Oy\",\"isPartOf\":{\"@id\":\"https:\/\/slvalvonta.fi\/en\/#website\"},\"datePublished\":\"2026-02-19T08:02:35+00:00\",\"dateModified\":\"2026-02-26T13:06:42+00:00\",\"breadcrumb\":{\"@id\":\"https:\/\/slvalvonta.fi\/en\/references\/#breadcrumb\"},\"inLanguage\":\"en-US\",\"potentialAction\":[{\"@type\":\"ReadAction\",\"target\":[\"https:\/\/slvalvonta.fi\/en\/references\/\"]}]},{\"@type\":\"BreadcrumbList\",\"@id\":\"https:\/\/slvalvonta.fi\/en\/references\/#breadcrumb\",\"itemListElement\":[{\"@type\":\"ListItem\",\"position\":1,\"name\":\"Home\",\"item\":\"https:\/\/slvalvonta.fi\/en\/\"},{\"@type\":\"ListItem\",\"position\":2,\"name\":\"References\"}]},{\"@type\":\"WebSite\",\"@id\":\"https:\/\/slvalvonta.fi\/en\/#website\",\"url\":\"https:\/\/slvalvonta.fi\/en\/\",\"name\":\"SL Valvonta Oy\",\"description\":\"LVI-alan konsultointia\",\"publisher\":{\"@id\":\"https:\/\/slvalvonta.fi\/en\/#organization\"},\"potentialAction\":[{\"@type\":\"SearchAction\",\"target\":{\"@type\":\"EntryPoint\",\"urlTemplate\":\"https:\/\/slvalvonta.fi\/en\/?s={search_term_string}\"},\"query-input\":{\"@type\":\"PropertyValueSpecification\",\"valueRequired\":true,\"valueName\":\"search_term_string\"}}],\"inLanguage\":\"en-US\"},{\"@type\":\"Organization\",\"@id\":\"https:\/\/slvalvonta.fi\/en\/#organization\",\"name\":\"SL Valvonta Oy\",\"url\":\"https:\/\/slvalvonta.fi\/en\/\",\"logo\":{\"@type\":\"ImageObject\",\"inLanguage\":\"en-US\",\"@id\":\"https:\/\/slvalvonta.fi\/en\/#\/schema\/logo\/image\/\",\"url\":\"https:\/\/slvalvonta.fi\/wp-content\/uploads\/2020\/03\/logo.png\",\"contentUrl\":\"https:\/\/slvalvonta.fi\/wp-content\/uploads\/2020\/03\/logo.png\",\"width\":992,\"height\":260,\"caption\":\"SL Valvonta Oy\"},\"image\":{\"@id\":\"https:\/\/slvalvonta.fi\/en\/#\/schema\/logo\/image\/\"}}]}<\/script>\n<!-- \/ Yoast SEO plugin. -->","yoast_head_json":{"title":"References - SL Valvonta Oy","robots":{"index":"index","follow":"follow","max-snippet":"max-snippet:-1","max-image-preview":"max-image-preview:large","max-video-preview":"max-video-preview:-1"},"canonical":"https:\/\/slvalvonta.fi\/en\/references\/","og_locale":"en_US","og_type":"article","og_title":"References - SL Valvonta Oy","og_description":"References","og_url":"https:\/\/slvalvonta.fi\/en\/references\/","og_site_name":"SL Valvonta Oy","article_modified_time":"2026-02-26T13:06:42+00:00","twitter_card":"summary_large_image","twitter_misc":{"Est. reading time":"2 minutes"},"schema":{"@context":"https:\/\/schema.org","@graph":[{"@type":"WebPage","@id":"https:\/\/slvalvonta.fi\/en\/references\/","url":"https:\/\/slvalvonta.fi\/en\/references\/","name":"References - SL Valvonta Oy","isPartOf":{"@id":"https:\/\/slvalvonta.fi\/en\/#website"},"datePublished":"2026-02-19T08:02:35+00:00","dateModified":"2026-02-26T13:06:42+00:00","breadcrumb":{"@id":"https:\/\/slvalvonta.fi\/en\/references\/#breadcrumb"},"inLanguage":"en-US","potentialAction":[{"@type":"ReadAction","target":["https:\/\/slvalvonta.fi\/en\/references\/"]}]},{"@type":"BreadcrumbList","@id":"https:\/\/slvalvonta.fi\/en\/references\/#breadcrumb","itemListElement":[{"@type":"ListItem","position":1,"name":"Home","item":"https:\/\/slvalvonta.fi\/en\/"},{"@type":"ListItem","position":2,"name":"References"}]},{"@type":"WebSite","@id":"https:\/\/slvalvonta.fi\/en\/#website","url":"https:\/\/slvalvonta.fi\/en\/","name":"SL Valvonta Oy","description":"LVI-alan konsultointia","publisher":{"@id":"https:\/\/slvalvonta.fi\/en\/#organization"},"potentialAction":[{"@type":"SearchAction","target":{"@type":"EntryPoint","urlTemplate":"https:\/\/slvalvonta.fi\/en\/?s={search_term_string}"},"query-input":{"@type":"PropertyValueSpecification","valueRequired":true,"valueName":"search_term_string"}}],"inLanguage":"en-US"},{"@type":"Organization","@id":"https:\/\/slvalvonta.fi\/en\/#organization","name":"SL Valvonta Oy","url":"https:\/\/slvalvonta.fi\/en\/","logo":{"@type":"ImageObject","inLanguage":"en-US","@id":"https:\/\/slvalvonta.fi\/en\/#\/schema\/logo\/image\/","url":"https:\/\/slvalvonta.fi\/wp-content\/uploads\/2020\/03\/logo.png","contentUrl":"https:\/\/slvalvonta.fi\/wp-content\/uploads\/2020\/03\/logo.png","width":992,"height":260,"caption":"SL Valvonta Oy"},"image":{"@id":"https:\/\/slvalvonta.fi\/en\/#\/schema\/logo\/image\/"}}]}},"_links":{"self":[{"href":"https:\/\/slvalvonta.fi\/en\/wp-json\/wp\/v2\/pages\/4194","targetHints":{"allow":["GET"]}}],"collection":[{"href":"https:\/\/slvalvonta.fi\/en\/wp-json\/wp\/v2\/pages"}],"about":[{"href":"https:\/\/slvalvonta.fi\/en\/wp-json\/wp\/v2\/types\/page"}],"author":[{"embeddable":true,"href":"https:\/\/slvalvonta.fi\/en\/wp-json\/wp\/v2\/users\/1"}],"replies":[{"embeddable":true,"href":"https:\/\/slvalvonta.fi\/en\/wp-json\/wp\/v2\/comments?post=4194"}],"version-history":[{"count":4,"href":"https:\/\/slvalvonta.fi\/en\/wp-json\/wp\/v2\/pages\/4194\/revisions"}],"predecessor-version":[{"id":4214,"href":"https:\/\/slvalvonta.fi\/en\/wp-json\/wp\/v2\/pages\/4194\/revisions\/4214"}],"wp:attachment":[{"href":"https:\/\/slvalvonta.fi\/en\/wp-json\/wp\/v2\/media?parent=4194"}],"curies":[{"name":"wp","href":"https:\/\/api.w.org\/{rel}","templated":true}]}}