{"id":525,"date":"2020-03-05T12:59:09","date_gmt":"2020-03-05T10:59:09","guid":{"rendered":"https:\/\/slvalvonta.fi\/company\/"},"modified":"2026-02-26T12:38:58","modified_gmt":"2026-02-26T10:38:58","slug":"company","status":"publish","type":"page","link":"https:\/\/slvalvonta.fi\/en\/company\/","title":{"rendered":"Company"},"content":{"rendered":"<p>[et_pb_section fb_built=&#8221;1&#8243; admin_label=&#8221;Hero Section&#8221; _builder_version=&#8221;4.16&#8243; use_background_color_gradient=&#8221;on&#8221; background_color_gradient_direction=&#8221;131deg&#8221; background_color_gradient_stops=&#8221;#5377b5 0%|rgba(52,43,28,0.45) 100%&#8221; background_color_gradient_overlays_image=&#8221;on&#8221; background_color_gradient_start=&#8221;#5377b5&#8243; background_color_gradient_end=&#8221;rgba(52,43,28,0.45)&#8221; background_image=&#8221;https:\/\/slvalvonta.fi\/wp-content\/uploads\/2020\/03\/slvalvonta-2.jpg&#8221; custom_padding=&#8221;80px|0px|80px|0px||&#8221; animation_style=&#8221;slide&#8221; animation_direction=&#8221;top&#8221; animation_intensity_slide=&#8221;2%&#8221; animation_starting_opacity=&#8221;100%&#8221; locked=&#8221;off&#8221; global_colors_info=&#8221;{}&#8221;][et_pb_row column_structure=&#8221;1_2,1_2&#8243; _builder_version=&#8221;4.16&#8243; custom_padding=&#8221;|||&#8221; custom_width_px=&#8221;1440px&#8221; global_colors_info=&#8221;{}&#8221;][et_pb_column type=&#8221;1_2&#8243; _builder_version=&#8221;4.16&#8243; custom_padding=&#8221;|||&#8221; global_colors_info=&#8221;{}&#8221; custom_padding__hover=&#8221;|||&#8221;][et_pb_text _builder_version=&#8221;4.16&#8243; text_font=&#8221;||||||||&#8221; header_font=&#8221;Titillium Web||||||||&#8221; header_text_color=&#8221;#ffffff&#8221; header_font_size=&#8221;60px&#8221; header_line_height=&#8221;1.2em&#8221; header_2_font=&#8221;||||||||&#8221; header_3_font=&#8221;||||||||&#8221; header_4_font=&#8221;||||||||&#8221; header_5_font=&#8221;||||||||&#8221; header_6_font=&#8221;||||||||&#8221; custom_margin=&#8221;||20px|&#8221; header_font_size_tablet=&#8221;&#8221; header_font_size_phone=&#8221;40px&#8221; header_font_size_last_edited=&#8221;on|phone&#8221; locked=&#8221;off&#8221; global_colors_info=&#8221;{}&#8221;]<\/p>\n<h1>Company<\/h1>\n<p>[\/et_pb_text][et_pb_divider color=&#8221;#ffffff&#8221; divider_weight=&#8221;3px&#8221; disabled_on=&#8221;off|off|off&#8221; _builder_version=&#8221;4.16&#8243; max_width=&#8221;80px&#8221; module_alignment=&#8221;left&#8221; height=&#8221;10px&#8221; custom_margin=&#8221;||20px|&#8221; animation_style=&#8221;slide&#8221; animation_direction=&#8221;bottom&#8221; saved_tabs=&#8221;all&#8221; locked=&#8221;off&#8221; global_colors_info=&#8221;{}&#8221;][\/et_pb_divider][\/et_pb_column][et_pb_column type=&#8221;1_2&#8243; _builder_version=&#8221;4.16&#8243; custom_padding=&#8221;|||&#8221; global_colors_info=&#8221;{}&#8221; custom_padding__hover=&#8221;|||&#8221;][\/et_pb_column][\/et_pb_row][\/et_pb_section][et_pb_section fb_built=&#8221;1&#8243; specialty=&#8221;on&#8221; admin_label=&#8221;About Us&#8221; _builder_version=&#8221;4.16&#8243; global_colors_info=&#8221;{}&#8221;][et_pb_column type=&#8221;1_2&#8243; specialty_columns=&#8221;2&#8243; _builder_version=&#8221;4.16&#8243; custom_padding=&#8221;|||&#8221; global_colors_info=&#8221;{}&#8221; custom_padding__hover=&#8221;|||&#8221;][et_pb_row_inner _builder_version=&#8221;4.16&#8243; global_colors_info=&#8221;{}&#8221;][et_pb_column_inner saved_specialty_column_type=&#8221;1_2&#8243; _builder_version=&#8221;4.16&#8243; custom_padding=&#8221;|||&#8221; global_colors_info=&#8221;{}&#8221; custom_padding__hover=&#8221;|||&#8221;][et_pb_text _builder_version=&#8221;4.16&#8243; text_font=&#8221;||||||||&#8221; text_text_color=&#8221;rgba(0,0,0,0.6)&#8221; text_line_height=&#8221;1.9em&#8221; header_font=&#8221;||||||||&#8221; header_2_font=&#8221;||||||||&#8221; header_3_text_color=&#8221;#5377b5&#8243; header_3_font_size=&#8221;28px&#8221; header_3_line_height=&#8221;1.2em&#8221; module_alignment=&#8221;center&#8221; custom_margin=&#8221;|||&#8221; global_colors_info=&#8221;{}&#8221;]SL Valvonta Oy is owned by its employees. We fulfill all our statutory and social obligations responsibly. Our official company data can be verified via the Vastuu Group service.<\/p>\n<p>Ydinosaamisemme on kaukol\u00e4mp\u00f6laitteiden uusimisiin ja l\u00e4mmitysverkoston perusparannust\u00f6ihin liittyv\u00e4t suunnittelu &#8211; ja valvontaty\u00f6t. Our services are always based on customer needs. We provide comprehensive project management and construction management services on a turnkey basis. Alternatively, we tailor our services according to the client&#8217;s specific wishes.<\/p>\n<p>Pyrimme kehitt\u00e4m\u00e4\u00e4n toimintaamme jatkuvasti asiakkailta saamamme palautteen perusteella.[\/et_pb_text][\/et_pb_column_inner][\/et_pb_row_inner][\/et_pb_column][et_pb_column type=&#8221;1_2&#8243; _builder_version=&#8221;4.16&#8243; custom_padding=&#8221;|||&#8221; global_colors_info=&#8221;{}&#8221; custom_padding__hover=&#8221;|||&#8221;][et_pb_image src=&#8221;https:\/\/slvalvonta.fi\/wp-content\/uploads\/2020\/03\/ryhmakuva.jpg&#8221; force_fullwidth=&#8221;on&#8221; _builder_version=&#8221;4.16&#8243; custom_margin=&#8221;-50%|||&#8221; custom_margin_tablet=&#8221;0px|||&#8221; custom_margin_phone=&#8221;&#8221; custom_margin_last_edited=&#8221;on|phone&#8221; animation_style=&#8221;slide&#8221; animation_direction=&#8221;top&#8221; animation_duration=&#8221;1500ms&#8221; animation_intensity_slide=&#8221;6%&#8221; animation_starting_opacity=&#8221;100%&#8221; box_shadow_style=&#8221;preset1&#8243; box_shadow_vertical=&#8221;10px&#8221; box_shadow_blur=&#8221;100px&#8221; box_shadow_color=&#8221;rgba(0,0,0,0.2)&#8221; always_center_on_mobile=&#8221;off&#8221; locked=&#8221;off&#8221; global_colors_info=&#8221;{}&#8221;][\/et_pb_image][\/et_pb_column][\/et_pb_section]<\/p>\n","protected":false},"excerpt":{"rendered":"<p>CompanySL Valvonta Oy is owned by its employees. We fulfill all our statutory and social obligations responsibly. Our official company data can be verified via the Vastuu Group service. Ydinosaamisemme on kaukol\u00e4mp\u00f6laitteiden uusimisiin ja l\u00e4mmitysverkoston perusparannust\u00f6ihin liittyv\u00e4t suunnittelu &#8211; ja valvontaty\u00f6t. Our services are always based on customer needs. We provide comprehensive project management and [&hellip;]<\/p>\n","protected":false},"author":1,"featured_media":0,"parent":0,"menu_order":0,"comment_status":"closed","ping_status":"closed","template":"","meta":{"_et_pb_use_builder":"on","_et_pb_old_content":"","_et_gb_content_width":"","footnotes":""},"class_list":["post-525","page","type-page","status-publish","hentry"],"yoast_head":"<!-- This site is optimized with the Yoast SEO plugin v27.0 - https:\/\/yoast.com\/product\/yoast-seo-wordpress\/ -->\n<title>Company - SL Valvonta Oy<\/title>\n<meta name=\"robots\" content=\"index, follow, max-snippet:-1, max-image-preview:large, max-video-preview:-1\" \/>\n<link rel=\"canonical\" href=\"https:\/\/slvalvonta.fi\/en\/company\/\" \/>\n<meta property=\"og:locale\" content=\"en_US\" \/>\n<meta property=\"og:type\" content=\"article\" \/>\n<meta property=\"og:title\" content=\"Company - SL Valvonta Oy\" \/>\n<meta property=\"og:description\" content=\"CompanySL Valvonta Oy is owned by its employees. We fulfill all our statutory and social obligations responsibly. Our official company data can be verified via the Vastuu Group service. Ydinosaamisemme on kaukol\u00e4mp\u00f6laitteiden uusimisiin ja l\u00e4mmitysverkoston perusparannust\u00f6ihin liittyv\u00e4t suunnittelu - ja valvontaty\u00f6t. Our services are always based on customer needs. We provide comprehensive project management and [&hellip;]\" \/>\n<meta property=\"og:url\" content=\"https:\/\/slvalvonta.fi\/en\/company\/\" \/>\n<meta property=\"og:site_name\" content=\"SL Valvonta Oy\" \/>\n<meta property=\"article:modified_time\" content=\"2026-02-26T10:38:58+00:00\" \/>\n<meta name=\"twitter:card\" content=\"summary_large_image\" \/>\n<meta name=\"twitter:label1\" content=\"Est. reading time\" \/>\n\t<meta name=\"twitter:data1\" content=\"3 minutes\" \/>\n<script type=\"application\/ld+json\" class=\"yoast-schema-graph\">{\"@context\":\"https:\/\/schema.org\",\"@graph\":[{\"@type\":\"WebPage\",\"@id\":\"https:\/\/slvalvonta.fi\/en\/company\/\",\"url\":\"https:\/\/slvalvonta.fi\/en\/company\/\",\"name\":\"Company - SL Valvonta Oy\",\"isPartOf\":{\"@id\":\"https:\/\/slvalvonta.fi\/en\/#website\"},\"datePublished\":\"2020-03-05T10:59:09+00:00\",\"dateModified\":\"2026-02-26T10:38:58+00:00\",\"breadcrumb\":{\"@id\":\"https:\/\/slvalvonta.fi\/en\/company\/#breadcrumb\"},\"inLanguage\":\"en-US\",\"potentialAction\":[{\"@type\":\"ReadAction\",\"target\":[\"https:\/\/slvalvonta.fi\/en\/company\/\"]}]},{\"@type\":\"BreadcrumbList\",\"@id\":\"https:\/\/slvalvonta.fi\/en\/company\/#breadcrumb\",\"itemListElement\":[{\"@type\":\"ListItem\",\"position\":1,\"name\":\"Home\",\"item\":\"https:\/\/slvalvonta.fi\/en\/\"},{\"@type\":\"ListItem\",\"position\":2,\"name\":\"Company\"}]},{\"@type\":\"WebSite\",\"@id\":\"https:\/\/slvalvonta.fi\/en\/#website\",\"url\":\"https:\/\/slvalvonta.fi\/en\/\",\"name\":\"SL Valvonta Oy\",\"description\":\"LVI-alan konsultointia\",\"publisher\":{\"@id\":\"https:\/\/slvalvonta.fi\/en\/#organization\"},\"potentialAction\":[{\"@type\":\"SearchAction\",\"target\":{\"@type\":\"EntryPoint\",\"urlTemplate\":\"https:\/\/slvalvonta.fi\/en\/?s={search_term_string}\"},\"query-input\":{\"@type\":\"PropertyValueSpecification\",\"valueRequired\":true,\"valueName\":\"search_term_string\"}}],\"inLanguage\":\"en-US\"},{\"@type\":\"Organization\",\"@id\":\"https:\/\/slvalvonta.fi\/en\/#organization\",\"name\":\"SL Valvonta Oy\",\"url\":\"https:\/\/slvalvonta.fi\/en\/\",\"logo\":{\"@type\":\"ImageObject\",\"inLanguage\":\"en-US\",\"@id\":\"https:\/\/slvalvonta.fi\/en\/#\/schema\/logo\/image\/\",\"url\":\"https:\/\/slvalvonta.fi\/wp-content\/uploads\/2020\/03\/logo.png\",\"contentUrl\":\"https:\/\/slvalvonta.fi\/wp-content\/uploads\/2020\/03\/logo.png\",\"width\":992,\"height\":260,\"caption\":\"SL Valvonta Oy\"},\"image\":{\"@id\":\"https:\/\/slvalvonta.fi\/en\/#\/schema\/logo\/image\/\"}}]}<\/script>\n<!-- \/ Yoast SEO plugin. -->","yoast_head_json":{"title":"Company - SL Valvonta Oy","robots":{"index":"index","follow":"follow","max-snippet":"max-snippet:-1","max-image-preview":"max-image-preview:large","max-video-preview":"max-video-preview:-1"},"canonical":"https:\/\/slvalvonta.fi\/en\/company\/","og_locale":"en_US","og_type":"article","og_title":"Company - SL Valvonta Oy","og_description":"CompanySL Valvonta Oy is owned by its employees. We fulfill all our statutory and social obligations responsibly. Our official company data can be verified via the Vastuu Group service. Ydinosaamisemme on kaukol\u00e4mp\u00f6laitteiden uusimisiin ja l\u00e4mmitysverkoston perusparannust\u00f6ihin liittyv\u00e4t suunnittelu - ja valvontaty\u00f6t. Our services are always based on customer needs. We provide comprehensive project management and [&hellip;]","og_url":"https:\/\/slvalvonta.fi\/en\/company\/","og_site_name":"SL Valvonta Oy","article_modified_time":"2026-02-26T10:38:58+00:00","twitter_card":"summary_large_image","twitter_misc":{"Est. reading time":"3 minutes"},"schema":{"@context":"https:\/\/schema.org","@graph":[{"@type":"WebPage","@id":"https:\/\/slvalvonta.fi\/en\/company\/","url":"https:\/\/slvalvonta.fi\/en\/company\/","name":"Company - SL Valvonta Oy","isPartOf":{"@id":"https:\/\/slvalvonta.fi\/en\/#website"},"datePublished":"2020-03-05T10:59:09+00:00","dateModified":"2026-02-26T10:38:58+00:00","breadcrumb":{"@id":"https:\/\/slvalvonta.fi\/en\/company\/#breadcrumb"},"inLanguage":"en-US","potentialAction":[{"@type":"ReadAction","target":["https:\/\/slvalvonta.fi\/en\/company\/"]}]},{"@type":"BreadcrumbList","@id":"https:\/\/slvalvonta.fi\/en\/company\/#breadcrumb","itemListElement":[{"@type":"ListItem","position":1,"name":"Home","item":"https:\/\/slvalvonta.fi\/en\/"},{"@type":"ListItem","position":2,"name":"Company"}]},{"@type":"WebSite","@id":"https:\/\/slvalvonta.fi\/en\/#website","url":"https:\/\/slvalvonta.fi\/en\/","name":"SL Valvonta Oy","description":"LVI-alan konsultointia","publisher":{"@id":"https:\/\/slvalvonta.fi\/en\/#organization"},"potentialAction":[{"@type":"SearchAction","target":{"@type":"EntryPoint","urlTemplate":"https:\/\/slvalvonta.fi\/en\/?s={search_term_string}"},"query-input":{"@type":"PropertyValueSpecification","valueRequired":true,"valueName":"search_term_string"}}],"inLanguage":"en-US"},{"@type":"Organization","@id":"https:\/\/slvalvonta.fi\/en\/#organization","name":"SL Valvonta Oy","url":"https:\/\/slvalvonta.fi\/en\/","logo":{"@type":"ImageObject","inLanguage":"en-US","@id":"https:\/\/slvalvonta.fi\/en\/#\/schema\/logo\/image\/","url":"https:\/\/slvalvonta.fi\/wp-content\/uploads\/2020\/03\/logo.png","contentUrl":"https:\/\/slvalvonta.fi\/wp-content\/uploads\/2020\/03\/logo.png","width":992,"height":260,"caption":"SL Valvonta Oy"},"image":{"@id":"https:\/\/slvalvonta.fi\/en\/#\/schema\/logo\/image\/"}}]}},"_links":{"self":[{"href":"https:\/\/slvalvonta.fi\/en\/wp-json\/wp\/v2\/pages\/525","targetHints":{"allow":["GET"]}}],"collection":[{"href":"https:\/\/slvalvonta.fi\/en\/wp-json\/wp\/v2\/pages"}],"about":[{"href":"https:\/\/slvalvonta.fi\/en\/wp-json\/wp\/v2\/types\/page"}],"author":[{"embeddable":true,"href":"https:\/\/slvalvonta.fi\/en\/wp-json\/wp\/v2\/users\/1"}],"replies":[{"embeddable":true,"href":"https:\/\/slvalvonta.fi\/en\/wp-json\/wp\/v2\/comments?post=525"}],"version-history":[{"count":4,"href":"https:\/\/slvalvonta.fi\/en\/wp-json\/wp\/v2\/pages\/525\/revisions"}],"predecessor-version":[{"id":4208,"href":"https:\/\/slvalvonta.fi\/en\/wp-json\/wp\/v2\/pages\/525\/revisions\/4208"}],"wp:attachment":[{"href":"https:\/\/slvalvonta.fi\/en\/wp-json\/wp\/v2\/media?parent=525"}],"curies":[{"name":"wp","href":"https:\/\/api.w.org\/{rel}","templated":true}]}}